{"id":1878,"date":"2019-03-07T14:05:38","date_gmt":"2019-03-07T14:05:38","guid":{"rendered":"http:\/\/www.demos.prettywebdesign.biz\/pelagia\/?page_id=1878"},"modified":"2025-02-25T12:18:31","modified_gmt":"2025-02-25T12:18:31","slug":"about","status":"publish","type":"page","link":"https:\/\/stylux.net\/home\/about\/","title":{"rendered":"About"},"content":{"rendered":"<p>[et_pb_section fb_built=&#8221;1&#8243; _builder_version=&#8221;4.16&#8243; custom_margin=&#8221;||0px|&#8221; custom_padding=&#8221;||0px|&#8221; global_colors_info=&#8221;{}&#8221;][et_pb_row module_class=&#8221; et_pb_row_fullwidth&#8221; _builder_version=&#8221;4.16&#8243; background_color=&#8221;#f4f4f4&#8243; width=&#8221;94%&#8221; width_tablet=&#8221;80%&#8221; width_phone=&#8221;&#8221; width_last_edited=&#8221;on|desktop&#8221; max_width=&#8221;94%&#8221; max_width_tablet=&#8221;80%&#8221; max_width_phone=&#8221;&#8221; max_width_last_edited=&#8221;on|desktop&#8221; module_alignment=&#8221;center&#8221; make_fullwidth=&#8221;on&#8221; global_colors_info=&#8221;{}&#8221;][et_pb_column type=&#8221;4_4&#8243; module_class=&#8221;ds-blog-four-column&#8221; _builder_version=&#8221;4.16&#8243; custom_padding=&#8221;|||&#8221; global_colors_info=&#8221;{}&#8221; custom_padding__hover=&#8221;|||&#8221;][et_pb_text _builder_version=&#8221;4.16&#8243; text_font=&#8221;Raleway|||on|||||&#8221; text_letter_spacing=&#8221;4&#8243; text_orientation=&#8221;center&#8221; module_alignment=&#8221;center&#8221; global_colors_info=&#8221;{}&#8221;]<\/p>\n<p>All about us<\/p>\n<p>[\/et_pb_text][\/et_pb_column][\/et_pb_row][et_pb_row column_structure=&#8221;1_2,1_2&#8243; _builder_version=&#8221;4.27.4&#8243; background_size=&#8221;initial&#8221; background_position=&#8221;top_left&#8221; background_repeat=&#8221;repeat&#8221; width=&#8221;60%&#8221; custom_padding=&#8221;50px||75px||false|false&#8221; global_colors_info=&#8221;{}&#8221;][et_pb_column type=&#8221;1_2&#8243; _builder_version=&#8221;4.16&#8243; custom_padding=&#8221;|||&#8221; global_colors_info=&#8221;{}&#8221; custom_padding__hover=&#8221;|||&#8221;][et_pb_image src=&#8221;https:\/\/stylux.net\/wp-content\/uploads\/2025\/01\/About-stylux.jpg&#8221; alt=&#8221;Scrivania con blocco e tastiera computer&#8221; title_text=&#8221;Scrivania con blocco e tastiera computer&#8221; align_tablet=&#8221;center&#8221; align_phone=&#8221;&#8221; align_last_edited=&#8221;on|desktop&#8221; _builder_version=&#8221;4.27.4&#8243; global_colors_info=&#8221;{}&#8221;][\/et_pb_image][\/et_pb_column][et_pb_column type=&#8221;1_2&#8243; _builder_version=&#8221;4.16&#8243; custom_padding=&#8221;|||&#8221; global_colors_info=&#8221;{}&#8221; custom_padding__hover=&#8221;|||&#8221;][et_pb_text _builder_version=&#8221;4.27.4&#8243; text_font=&#8221;Raleway|||on|||||&#8221; text_letter_spacing=&#8221;4&#8243; text_orientation=&#8221;center&#8221; module_alignment=&#8221;center&#8221; global_colors_info=&#8221;{}&#8221;]<\/p>\n<p>Cos&#8217;\u00e8 Stylux<\/p>\n<p>[\/et_pb_text][et_pb_text _builder_version=&#8221;4.27.4&#8243; global_colors_info=&#8221;{}&#8221;]<\/p>\n<p>Benvenuti in Stylux, dove il lusso \u00e8 sinonimo di stile ed eleganza.<\/p>\n<p>Sul nostro magazine non troverete solo spunti per viaggiare verso mete da sogno e per soggiornare nei migliori hotel del mondo, per degustare i vini pi\u00f9 pregiati o cenare nei ristoranti pi\u00f9 \u201cin\u201d del momento.<\/p>\n<p>Troverete anche tanti piccoli sogni eleganti e ricchi di stile da poter far diventare realt\u00e0 semplicemente riappropriandoci del lusso pi\u00f9 prezioso che abbiamo: il tempo per noi stessi, la volont\u00e0 di \u201cstare bene\u201d, di vivere con consapevolezza il \u201cqui ed ora\u201d.<\/p>\n<p>Perch\u00e9 tutti meritiamo di vivere con Stylux!<\/p>\n<p>[\/et_pb_text][\/et_pb_column][\/et_pb_row][et_pb_row _builder_version=&#8221;4.16&#8243; background_size=&#8221;initial&#8221; background_position=&#8221;top_left&#8221; background_repeat=&#8221;repeat&#8221; global_colors_info=&#8221;{}&#8221;][et_pb_column type=&#8221;4_4&#8243; _builder_version=&#8221;4.16&#8243; custom_padding=&#8221;|||&#8221; global_colors_info=&#8221;{}&#8221; custom_padding__hover=&#8221;|||&#8221;][et_pb_text _builder_version=&#8221;4.27.4&#8243; text_font=&#8221;Raleway|||on|||||&#8221; text_letter_spacing=&#8221;4&#8243; text_orientation=&#8221;center&#8221; module_alignment=&#8221;center&#8221; global_colors_info=&#8221;{}&#8221;]<\/p>\n<p>il team<\/p>\n<p>[\/et_pb_text][\/et_pb_column][\/et_pb_row][et_pb_row column_structure=&#8221;1_4,1_4,1_4,1_4&#8243; use_custom_gutter=&#8221;on&#8221; gutter_width=&#8221;2&#8243; _builder_version=&#8221;4.27.4&#8243; background_size=&#8221;initial&#8221; background_position=&#8221;top_left&#8221; background_repeat=&#8221;repeat&#8221; custom_padding=&#8221;||75px||false|false&#8221; global_colors_info=&#8221;{}&#8221;][et_pb_column type=&#8221;1_4&#8243; _builder_version=&#8221;4.16&#8243; custom_padding=&#8221;|||&#8221; global_colors_info=&#8221;{}&#8221; custom_padding__hover=&#8221;|||&#8221;][et_pb_text _builder_version=&#8221;4.27.4&#8243; link_font=&#8221;||||on||||&#8221; hover_enabled=&#8221;0&#8243; global_colors_info=&#8221;{}&#8221; sticky_enabled=&#8221;0&#8243;]<\/p>\n<p><span><strong>Elena Barassi<\/strong><\/span><\/p>\n<p>Giornalista con trentennale esperienza nel mondo della comunicazione, \u00e8 contributor di <em>GQ<\/em> e <em>Vanity Fair<\/em>, i quotidiani <em>Il Giornale<\/em> e <em>La Verit\u00e0<\/em> e le riviste <em>Confidenze<\/em>, <em>Natural<\/em> <em>Style<\/em> e <em>Style Piccoli<\/em>. Travel editor, si occupa regolarmente anche di luxury hotellerie, benessere e lifestyle.<br \/><a href=\"mailto:elenanibe@gmail.com\" target=\"_blank\" rel=\"noopener\">elenanibe@gmail.com<\/a><\/p>\n<p>[\/et_pb_text][\/et_pb_column][et_pb_column type=&#8221;1_4&#8243; _builder_version=&#8221;4.16&#8243; custom_padding=&#8221;|||&#8221; global_colors_info=&#8221;{}&#8221; custom_padding__hover=&#8221;|||&#8221;][et_pb_image src=&#8221;https:\/\/stylux.net\/wp-content\/uploads\/2025\/01\/Elena-Barassi-2.jpg&#8221; alt=&#8221;Elena Barassi&#8221; title_text=&#8221;Elena Barassi&#8221; _builder_version=&#8221;4.27.4&#8243; _module_preset=&#8221;default&#8221; global_colors_info=&#8221;{}&#8221;][\/et_pb_image][et_pb_social_media_follow icon_color=&#8221;#000000&#8243; use_icon_font_size=&#8221;on&#8221; icon_font_size=&#8221;15px&#8221; _builder_version=&#8221;4.27.4&#8243; _module_preset=&#8221;default&#8221; text_orientation=&#8221;center&#8221; text_orientation_tablet=&#8221;center&#8221; text_orientation_phone=&#8221;&#8221; text_orientation_last_edited=&#8221;on|tablet&#8221; locked=&#8221;off&#8221; global_colors_info=&#8221;{}&#8221; icon_color__hover_enabled=&#8221;on|hover&#8221; icon_color__hover=&#8221;#c4c1c2&#8243;][et_pb_social_media_follow_network social_network=&#8221;linkedin&#8221; url=&#8221;https:\/\/www.linkedin.com\/in\/barassielena\/&#8221; _builder_version=&#8221;4.27.4&#8243; _module_preset=&#8221;default&#8221; background_color=&#8221;rgba(0,0,0,0)&#8221; background_enable_color=&#8221;on&#8221; global_colors_info=&#8221;{}&#8221; follow_button=&#8221;off&#8221; url_new_window=&#8221;on&#8221;]linkedin[\/et_pb_social_media_follow_network][et_pb_social_media_follow_network social_network=&#8221;facebook&#8221; url=&#8221;https:\/\/www.facebook.com\/elena.barassi&#8221; _builder_version=&#8221;4.27.4&#8243; _module_preset=&#8221;default&#8221; background_color=&#8221;rgba(0,0,0,0)&#8221; background_enable_color=&#8221;on&#8221; global_colors_info=&#8221;{}&#8221; follow_button=&#8221;off&#8221; url_new_window=&#8221;on&#8221;]facebook[\/et_pb_social_media_follow_network][et_pb_social_media_follow_network social_network=&#8221;instagram&#8221; url=&#8221;https:\/\/www.instagram.com\/elena_barassi\/&#8221; _builder_version=&#8221;4.27.4&#8243; _module_preset=&#8221;default&#8221; background_color=&#8221;rgba(0,0,0,0)&#8221; background_enable_color=&#8221;on&#8221; global_colors_info=&#8221;{}&#8221; follow_button=&#8221;off&#8221; url_new_window=&#8221;on&#8221;]instagram[\/et_pb_social_media_follow_network][et_pb_social_media_follow_network social_network=&#8221;twitter&#8221; url=&#8221;https:\/\/x.com\/elenanibe&#8221; _builder_version=&#8221;4.27.4&#8243; _module_preset=&#8221;default&#8221; background_color=&#8221;rgba(0,0,0,0)&#8221; background_enable_color=&#8221;on&#8221; global_colors_info=&#8221;{}&#8221; follow_button=&#8221;off&#8221; url_new_window=&#8221;on&#8221;]twitter[\/et_pb_social_media_follow_network][\/et_pb_social_media_follow][\/et_pb_column][et_pb_column type=&#8221;1_4&#8243; _builder_version=&#8221;4.16&#8243; custom_padding=&#8221;|||&#8221; global_colors_info=&#8221;{}&#8221; custom_padding__hover=&#8221;|||&#8221;][et_pb_image src=&#8221;https:\/\/stylux.net\/wp-content\/uploads\/2025\/01\/Gabriella-Lombardo-Giassetti.jpg&#8221; title_text=&#8221;Gabriella Lombardo Giassetti&#8221; _builder_version=&#8221;4.27.4&#8243; _module_preset=&#8221;default&#8221; global_colors_info=&#8221;{}&#8221;][\/et_pb_image][et_pb_social_media_follow icon_color=&#8221;#000000&#8243; use_icon_font_size=&#8221;on&#8221; icon_font_size=&#8221;15px&#8221; _builder_version=&#8221;4.27.4&#8243; _module_preset=&#8221;default&#8221; text_orientation=&#8221;center&#8221; text_orientation_tablet=&#8221;center&#8221; text_orientation_phone=&#8221;&#8221; text_orientation_last_edited=&#8221;on|tablet&#8221; locked=&#8221;off&#8221; global_colors_info=&#8221;{}&#8221; icon_color__hover_enabled=&#8221;on|hover&#8221; icon_color__hover=&#8221;#c4c1c2&#8243;][et_pb_social_media_follow_network social_network=&#8221;linkedin&#8221; url=&#8221;https:\/\/www.linkedin.com\/in\/gabriella-lombardo-giassetti-a260b940\/&#8221; _builder_version=&#8221;4.27.4&#8243; _module_preset=&#8221;default&#8221; background_color=&#8221;rgba(0,0,0,0)&#8221; background_enable_color=&#8221;on&#8221; global_colors_info=&#8221;{}&#8221; follow_button=&#8221;off&#8221; url_new_window=&#8221;on&#8221;]linkedin[\/et_pb_social_media_follow_network][et_pb_social_media_follow_network social_network=&#8221;instagram&#8221; url=&#8221;https:\/\/www.instagram.com\/tmtmediaitaly\/&#8221; _builder_version=&#8221;4.27.4&#8243; _module_preset=&#8221;default&#8221; background_color=&#8221;rgba(0,0,0,0)&#8221; background_enable_color=&#8221;on&#8221; global_colors_info=&#8221;{}&#8221; follow_button=&#8221;off&#8221; url_new_window=&#8221;on&#8221;]instagram[\/et_pb_social_media_follow_network][\/et_pb_social_media_follow][\/et_pb_column][et_pb_column type=&#8221;1_4&#8243; _builder_version=&#8221;4.16&#8243; custom_padding=&#8221;|||&#8221; global_colors_info=&#8221;{}&#8221; custom_padding__hover=&#8221;|||&#8221;][et_pb_text _builder_version=&#8221;4.27.4&#8243; link_font=&#8221;||||on||||&#8221; hover_enabled=&#8221;0&#8243; global_colors_info=&#8221;{}&#8221; sticky_enabled=&#8221;0&#8243;]<\/p>\n<p align=\"JUSTIFY\"><strong>Gabriella Lombardo Giassetti<\/strong><\/p>\n<div>\n<p><span>Giornalista con trentennale esperienza nel mondo della comunicazione, ha cominciato la propria carriera presso il quotidiano <em>Il Giornale<\/em> sotto la direzione di Indro Montanelli. Ha scritto per un lungo periodo di sport sia presso <em>Il Giornale<\/em> sia presso <em>La Gazzetta dello Sport<\/em> ed \u00e8 stata giornalista radiofonica a Rtl 102.5 per poi rientrare \u201calla base\u201d: per <em>Il Giornale<\/em> si \u00e8 occupata negli ultimi anni di Bellezza, Viaggi, Ospitalit\u00e0, Food &amp; Beverage e Lifestyle.<br \/><\/span>Ha gestito per molti anni la comunicazione di primarie Agenzie ed Enti privati e pubblici ed oggi ricopre il ruolo di Press Office &amp; Events Manager di TMT Media.<\/p>\n<\/div>\n<div>\n<p><a href=\"mailto:gabrylomb60@gmail.com\" target=\"_blank\" rel=\"noopener\"><span>gabrylomb60@gmail.com<\/span><\/a><span><o:p><\/o:p><\/span><\/p>\n<\/div>\n<p>[\/et_pb_text][\/et_pb_column][\/et_pb_row][\/et_pb_section]<\/p>\n","protected":false},"excerpt":{"rendered":"<p>All about usCos&#8217;\u00e8 StyluxBenvenuti in Stylux, dove il lusso \u00e8 sinonimo di stile ed eleganza. Sul nostro magazine non troverete solo spunti per viaggiare verso mete da sogno e per soggiornare nei migliori hotel del mondo, per degustare i vini pi\u00f9 pregiati o cenare nei ristoranti pi\u00f9 \u201cin\u201d del momento. Troverete anche tanti piccoli sogni eleganti e ricchi di stile da poter far diventare realt\u00e0 semplicemente riappropriandoci del lusso pi\u00f9 prezioso che abbiamo: il tempo per noi stessi, la volont\u00e0 di \u201cstare bene\u201d, di vivere con consapevolezza il \u201cqui ed ora\u201d. Perch\u00e9 tutti meritiamo di vivere con Stylux!il teamElena Barassi Giornalista con trentennale esperienza nel mondo della comunicazione, \u00e8 contributor di GQ e Vanity Fair, i quotidiani Il Giornale e La Verit\u00e0 e le riviste Confidenze, Natural Style e Style Piccoli. Travel editor, si occupa regolarmente anche di luxury hotellerie, benessere e lifestyle.elenanibe@gmail.comGabriella Lombardo Giassetti Giornalista con trentennale esperienza nel mondo della comunicazione, ha cominciato la propria carriera presso il quotidiano Il Giornale sotto la direzione di Indro Montanelli. Ha scritto per un lungo periodo di sport sia presso Il Giornale sia presso La Gazzetta dello Sport ed \u00e8 stata giornalista radiofonica a Rtl 102.5 per poi rientrare \u201calla base\u201d: [&hellip;]<\/p>\n","protected":false},"author":2,"featured_media":0,"parent":0,"menu_order":0,"comment_status":"closed","ping_status":"closed","template":"","meta":{"_et_pb_use_builder":"on","_et_pb_old_content":"","_et_gb_content_width":"","footnotes":""},"class_list":["post-1878","page","type-page","status-publish","hentry"],"yoast_head":"<!-- This site is optimized with the Yoast SEO plugin v27.4 - https:\/\/yoast.com\/product\/yoast-seo-wordpress\/ -->\n<title>About - Stylux<\/title>\n<meta name=\"description\" content=\"Le fondatrici di Stylux: Elena Barassi e Gabriella Lombardo Giassetti, giornaliste con trentennale esperienza nel mondo della comunicazione.\" \/>\n<meta name=\"robots\" content=\"index, follow, max-snippet:-1, max-image-preview:large, max-video-preview:-1\" \/>\n<link rel=\"canonical\" href=\"https:\/\/stylux.net\/home\/about\/\" \/>\n<meta property=\"og:locale\" content=\"it_IT\" \/>\n<meta property=\"og:type\" content=\"article\" \/>\n<meta property=\"og:title\" content=\"About - Stylux\" \/>\n<meta property=\"og:description\" content=\"Le fondatrici di Stylux: Elena Barassi e Gabriella Lombardo Giassetti, giornaliste con trentennale esperienza nel mondo della comunicazione.\" \/>\n<meta property=\"og:url\" content=\"https:\/\/stylux.net\/home\/about\/\" \/>\n<meta property=\"og:site_name\" content=\"Stylux\" \/>\n<meta property=\"article:publisher\" content=\"https:\/\/www.facebook.com\/StyluxMagazine\" \/>\n<meta property=\"article:modified_time\" content=\"2025-02-25T12:18:31+00:00\" \/>\n<meta name=\"twitter:card\" content=\"summary_large_image\" \/>\n<meta name=\"twitter:site\" content=\"@stylux_magazine\" \/>\n<meta name=\"twitter:label1\" content=\"Tempo di lettura stimato\" \/>\n\t<meta name=\"twitter:data1\" content=\"2 minuti\" \/>\n<script type=\"application\/ld+json\" class=\"yoast-schema-graph\">{\"@context\":\"https:\\\/\\\/schema.org\",\"@graph\":[{\"@type\":\"WebPage\",\"@id\":\"https:\\\/\\\/stylux.net\\\/home\\\/about\\\/\",\"url\":\"https:\\\/\\\/stylux.net\\\/home\\\/about\\\/\",\"name\":\"About - Stylux\",\"isPartOf\":{\"@id\":\"https:\\\/\\\/stylux.net\\\/home\\\/#website\"},\"datePublished\":\"2019-03-07T14:05:38+00:00\",\"dateModified\":\"2025-02-25T12:18:31+00:00\",\"description\":\"Le fondatrici di Stylux: Elena Barassi e Gabriella Lombardo Giassetti, giornaliste con trentennale esperienza nel mondo della comunicazione.\",\"breadcrumb\":{\"@id\":\"https:\\\/\\\/stylux.net\\\/home\\\/about\\\/#breadcrumb\"},\"inLanguage\":\"it-IT\",\"potentialAction\":[{\"@type\":\"ReadAction\",\"target\":[\"https:\\\/\\\/stylux.net\\\/home\\\/about\\\/\"]}]},{\"@type\":\"BreadcrumbList\",\"@id\":\"https:\\\/\\\/stylux.net\\\/home\\\/about\\\/#breadcrumb\",\"itemListElement\":[{\"@type\":\"ListItem\",\"position\":1,\"name\":\"Home\",\"item\":\"https:\\\/\\\/stylux.net\\\/home\\\/\"},{\"@type\":\"ListItem\",\"position\":2,\"name\":\"About\"}]},{\"@type\":\"WebSite\",\"@id\":\"https:\\\/\\\/stylux.net\\\/home\\\/#website\",\"url\":\"https:\\\/\\\/stylux.net\\\/home\\\/\",\"name\":\"Stylux\",\"description\":\"The way to luxury\",\"publisher\":{\"@id\":\"https:\\\/\\\/stylux.net\\\/home\\\/#organization\"},\"alternateName\":\"Stylux\",\"potentialAction\":[{\"@type\":\"SearchAction\",\"target\":{\"@type\":\"EntryPoint\",\"urlTemplate\":\"https:\\\/\\\/stylux.net\\\/home\\\/?s={search_term_string}\"},\"query-input\":{\"@type\":\"PropertyValueSpecification\",\"valueRequired\":true,\"valueName\":\"search_term_string\"}}],\"inLanguage\":\"it-IT\"},{\"@type\":\"Organization\",\"@id\":\"https:\\\/\\\/stylux.net\\\/home\\\/#organization\",\"name\":\"Stylux The way to luxury\",\"alternateName\":\"Stylux\",\"url\":\"https:\\\/\\\/stylux.net\\\/home\\\/\",\"logo\":{\"@type\":\"ImageObject\",\"inLanguage\":\"it-IT\",\"@id\":\"https:\\\/\\\/stylux.net\\\/home\\\/#\\\/schema\\\/logo\\\/image\\\/\",\"url\":\"https:\\\/\\\/stylux.net\\\/wp-content\\\/uploads\\\/2025\\\/01\\\/cropped-Stylux-Magazine-logo-500x500-1.jpg\",\"contentUrl\":\"https:\\\/\\\/stylux.net\\\/wp-content\\\/uploads\\\/2025\\\/01\\\/cropped-Stylux-Magazine-logo-500x500-1.jpg\",\"width\":512,\"height\":512,\"caption\":\"Stylux The way to luxury\"},\"image\":{\"@id\":\"https:\\\/\\\/stylux.net\\\/home\\\/#\\\/schema\\\/logo\\\/image\\\/\"},\"sameAs\":[\"https:\\\/\\\/www.facebook.com\\\/StyluxMagazine\",\"https:\\\/\\\/x.com\\\/stylux_magazine\",\"https:\\\/\\\/www.instagram.com\\\/styluxnet\\\/\"]}]}<\/script>\n<!-- \/ Yoast SEO plugin. -->","yoast_head_json":{"title":"About - Stylux","description":"Le fondatrici di Stylux: Elena Barassi e Gabriella Lombardo Giassetti, giornaliste con trentennale esperienza nel mondo della comunicazione.","robots":{"index":"index","follow":"follow","max-snippet":"max-snippet:-1","max-image-preview":"max-image-preview:large","max-video-preview":"max-video-preview:-1"},"canonical":"https:\/\/stylux.net\/home\/about\/","og_locale":"it_IT","og_type":"article","og_title":"About - Stylux","og_description":"Le fondatrici di Stylux: Elena Barassi e Gabriella Lombardo Giassetti, giornaliste con trentennale esperienza nel mondo della comunicazione.","og_url":"https:\/\/stylux.net\/home\/about\/","og_site_name":"Stylux","article_publisher":"https:\/\/www.facebook.com\/StyluxMagazine","article_modified_time":"2025-02-25T12:18:31+00:00","twitter_card":"summary_large_image","twitter_site":"@stylux_magazine","twitter_misc":{"Tempo di lettura stimato":"2 minuti"},"schema":{"@context":"https:\/\/schema.org","@graph":[{"@type":"WebPage","@id":"https:\/\/stylux.net\/home\/about\/","url":"https:\/\/stylux.net\/home\/about\/","name":"About - Stylux","isPartOf":{"@id":"https:\/\/stylux.net\/home\/#website"},"datePublished":"2019-03-07T14:05:38+00:00","dateModified":"2025-02-25T12:18:31+00:00","description":"Le fondatrici di Stylux: Elena Barassi e Gabriella Lombardo Giassetti, giornaliste con trentennale esperienza nel mondo della comunicazione.","breadcrumb":{"@id":"https:\/\/stylux.net\/home\/about\/#breadcrumb"},"inLanguage":"it-IT","potentialAction":[{"@type":"ReadAction","target":["https:\/\/stylux.net\/home\/about\/"]}]},{"@type":"BreadcrumbList","@id":"https:\/\/stylux.net\/home\/about\/#breadcrumb","itemListElement":[{"@type":"ListItem","position":1,"name":"Home","item":"https:\/\/stylux.net\/home\/"},{"@type":"ListItem","position":2,"name":"About"}]},{"@type":"WebSite","@id":"https:\/\/stylux.net\/home\/#website","url":"https:\/\/stylux.net\/home\/","name":"Stylux","description":"The way to luxury","publisher":{"@id":"https:\/\/stylux.net\/home\/#organization"},"alternateName":"Stylux","potentialAction":[{"@type":"SearchAction","target":{"@type":"EntryPoint","urlTemplate":"https:\/\/stylux.net\/home\/?s={search_term_string}"},"query-input":{"@type":"PropertyValueSpecification","valueRequired":true,"valueName":"search_term_string"}}],"inLanguage":"it-IT"},{"@type":"Organization","@id":"https:\/\/stylux.net\/home\/#organization","name":"Stylux The way to luxury","alternateName":"Stylux","url":"https:\/\/stylux.net\/home\/","logo":{"@type":"ImageObject","inLanguage":"it-IT","@id":"https:\/\/stylux.net\/home\/#\/schema\/logo\/image\/","url":"https:\/\/stylux.net\/wp-content\/uploads\/2025\/01\/cropped-Stylux-Magazine-logo-500x500-1.jpg","contentUrl":"https:\/\/stylux.net\/wp-content\/uploads\/2025\/01\/cropped-Stylux-Magazine-logo-500x500-1.jpg","width":512,"height":512,"caption":"Stylux The way to luxury"},"image":{"@id":"https:\/\/stylux.net\/home\/#\/schema\/logo\/image\/"},"sameAs":["https:\/\/www.facebook.com\/StyluxMagazine","https:\/\/x.com\/stylux_magazine","https:\/\/www.instagram.com\/styluxnet\/"]}]}},"_links":{"self":[{"href":"https:\/\/stylux.net\/home\/wp-json\/wp\/v2\/pages\/1878","targetHints":{"allow":["GET"]}}],"collection":[{"href":"https:\/\/stylux.net\/home\/wp-json\/wp\/v2\/pages"}],"about":[{"href":"https:\/\/stylux.net\/home\/wp-json\/wp\/v2\/types\/page"}],"author":[{"embeddable":true,"href":"https:\/\/stylux.net\/home\/wp-json\/wp\/v2\/users\/2"}],"replies":[{"embeddable":true,"href":"https:\/\/stylux.net\/home\/wp-json\/wp\/v2\/comments?post=1878"}],"version-history":[{"count":16,"href":"https:\/\/stylux.net\/home\/wp-json\/wp\/v2\/pages\/1878\/revisions"}],"predecessor-version":[{"id":5263,"href":"https:\/\/stylux.net\/home\/wp-json\/wp\/v2\/pages\/1878\/revisions\/5263"}],"wp:attachment":[{"href":"https:\/\/stylux.net\/home\/wp-json\/wp\/v2\/media?parent=1878"}],"curies":[{"name":"wp","href":"https:\/\/api.w.org\/{rel}","templated":true}]}}